{"id":130,"date":"2024-01-30T20:25:48","date_gmt":"2024-01-30T19:25:48","guid":{"rendered":"https:\/\/cristal-boise.fr\/?page_id=130"},"modified":"2024-01-30T20:25:49","modified_gmt":"2024-01-30T19:25:49","slug":"mon-parcours","status":"publish","type":"page","link":"https:\/\/cristal-boise.fr\/index.php\/mon-parcours\/","title":{"rendered":"Mon parcours"},"content":{"rendered":"\n<p>De m\u00e9moire je me rappelles de quelques dessins et surtout d\u2019une sculpture en siporex faite en maternelle. Je me souviens et me vois entrain de sculpter et gratter avec mes outils, comme quoi, j\u2019ai commenc\u00e9 tr\u00e8s jeune.&nbsp;<\/p>\n\n\n\n<p>Puis quelques ann\u00e9es plus tard, mon p\u00e8re dessinait des personnages de Disney que nous souhaitions mon fr\u00e8re et moi, puis au petit matin nous d\u00e9couvr\u00eemes notre cadeau, qu\u2019il fallait ensuite remplir de couleurs. Jusqu\u2019au jour o\u00f9 je d\u00e9cidais de dessiner par moi-m\u00eame, exp\u00e9rimentant un m\u00e9lange d\u2019animaux et de g\u00e9om\u00e9trie.<\/p>\n\n\n\n<p>Je me souviens aussi des \u00e9t\u00e9s ou l\u2019ont achet\u00e9s ces fameuses plaques en cartons, recouvert de feutrine noire avec des motifs tous plus beaux les uns que les autres, qu\u2019il fallait remplir de couleurs avec en plus quelques tubes \u00e0 paillettes. C\u2019\u00e9tait \u00e0 la mode \u00e0 l\u2019\u00e9poque, aussi avec ces peintures \u00e0 l\u2019huile (pour enfants) ou les cases \u00e9taient num\u00e9rot\u00e9s. La belle \u00e9poque !&nbsp;<\/p>\n\n\n\n<p>Ensuite \u00e9tant pr\u00e9-ado, il y a eu ce concours genre wwe pour sauver les animaux d\u2019Afrique, j\u2019\u00e9tais \u00e9tonn\u00e9 d\u2018\u00eatre dans les gagnant du haut de mes 7ans, puis j\u2019ai aussi gagn\u00e9 un concours \u00e0 l\u2019\u00e9cole m\u00e9langeant le l\u2019escrime + un dessin repr\u00e9sentant ce sport.&nbsp;<\/p>\n\n\n\n<p>Il y a aussi mon amour pour la sculpture, car \u00e0 chaque vacances chez ma grand m\u00e8re, je bidouillais dans l\u2019\u00e9tabli de mon grand p\u00e8re, r\u00e9cup\u00e9rant du bois \ud83e\udeb5 et m\u2019amusant avec des limes, r\u00e2pes et ciseaux \u00e0 bois.&nbsp;<\/p>\n\n\n\n<p>Bref, pleins de petites anecdotes d\u2019enfances montrant mon attrait pour l\u2019art en g\u00e9n\u00e9ral.<\/p>\n\n\n\n<p>Apr\u00e8s de tr\u00e8s longues ann\u00e9es o\u00f9 s\u2019encha\u00eenait dessins, peinture et croquis de toutes sortes, ou je m\u2019essayais \u00e0 toutes les techniques, plus une bien belle p\u00e9riode d\u2019adolescence, m\u00ealant dessins et manga o\u00f9 je d\u00e9couvris pour la premi\u00e8re fois les feutres \u00e0 alcool (surtout les copics), je d\u00e9cide enfin de me lancer en tant qu\u2019artiste autodidacte \u00e0 34 ans (et oui il n\u2019y a pas d\u2019\u00e2ge pour commencer), en cr\u00e9ant Cr\u00ecstal bois\u00e9, m\u00e9lange entre sculptures et dessins, bois et animaux fantaisistes.<\/p>\n\n\n\n<p>Une formation d\u2019\u00e9b\u00e9niste et sculpture d\u2019art est \u00e0 venir pour une plus grande ma\u00eetrise et connaissance de cet univers bois\u00e9.&nbsp;<\/p>\n","protected":false},"excerpt":{"rendered":"<p>De m\u00e9moire je me rappelles de quelques dessins et surtout d\u2019une sculpture en siporex faite en maternelle. Je me souviens et me vois entrain de sculpter et gratter avec mes outils, comme quoi, j\u2019ai commenc\u00e9 tr\u00e8s jeune.&nbsp; Puis quelques ann\u00e9es plus tard, mon p\u00e8re dessinait des personnages de Disney que &hellip; <\/p>\n","protected":false},"author":1,"featured_media":0,"parent":0,"menu_order":0,"comment_status":"closed","ping_status":"closed","template":"","meta":{"footnotes":""},"class_list":["post-130","page","type-page","status-publish","hentry"],"_links":{"self":[{"href":"https:\/\/cristal-boise.fr\/index.php\/wp-json\/wp\/v2\/pages\/130","targetHints":{"allow":["GET"]}}],"collection":[{"href":"https:\/\/cristal-boise.fr\/index.php\/wp-json\/wp\/v2\/pages"}],"about":[{"href":"https:\/\/cristal-boise.fr\/index.php\/wp-json\/wp\/v2\/types\/page"}],"author":[{"embeddable":true,"href":"https:\/\/cristal-boise.fr\/index.php\/wp-json\/wp\/v2\/users\/1"}],"replies":[{"embeddable":true,"href":"https:\/\/cristal-boise.fr\/index.php\/wp-json\/wp\/v2\/comments?post=130"}],"version-history":[{"count":1,"href":"https:\/\/cristal-boise.fr\/index.php\/wp-json\/wp\/v2\/pages\/130\/revisions"}],"predecessor-version":[{"id":131,"href":"https:\/\/cristal-boise.fr\/index.php\/wp-json\/wp\/v2\/pages\/130\/revisions\/131"}],"wp:attachment":[{"href":"https:\/\/cristal-boise.fr\/index.php\/wp-json\/wp\/v2\/media?parent=130"}],"curies":[{"name":"wp","href":"https:\/\/api.w.org\/{rel}","templated":true}]}}