{"id":132,"date":"2024-01-30T20:28:31","date_gmt":"2024-01-30T19:28:31","guid":{"rendered":"https:\/\/cristal-boise.fr\/?page_id=132"},"modified":"2024-01-30T20:28:31","modified_gmt":"2024-01-30T19:28:31","slug":"mon-ethique","status":"publish","type":"page","link":"https:\/\/cristal-boise.fr\/index.php\/mon-ethique\/","title":{"rendered":"Mon \u00e9thique"},"content":{"rendered":"\n<p>&nbsp;Mon \u00e9tique reste simple, comme la nature elle-m\u00eame. \u00c9tant un homme mi-elfe mi-nain, je r\u00e9cup\u00e8re essentiellement le bois que je trouve en for\u00eat, puis celui que l\u2019ont m\u2019offre de part les innombrables amis et connaissances de ma famille, ainsi que mon p\u00e8re qui a l\u2019opportunit\u00e9 d\u2019\u00eatre presque tous le temps en pleine nature, sillonnant l\u2019ensemble de Var. La plupart des morceaux et branches trouv\u00e9es, sont simplement ramass\u00e9s \u00e0 la main, s\u00e9lectionn\u00e9s pour leurs motifs, leurs particularit\u00e9s (tordus, fendus, entrelac\u00e9s), qui leurs donneront une nouvelle vie, faisant ressortir leurs \u00e2me.<\/p>\n\n\n\n<p>Le but est bien entendu de pr\u00e9server au maximum notre belle plan\u00e8te et nos for\u00eat. Comme je suis autodidacte, j\u2019utilise encore quelques outils \u00e9lectrique, mais j\u2019ai envie de me rapprocher de plus en plus de techniques et outils simple comme l\u2019utilisation de hache, hachette, couteau et ciseaux \u00e0 bois, permettant une connexion plus grande entre mon outil et le bois choisi.&nbsp;<\/p>\n\n\n\n<p>J\u2019estime qu\u2019un homme \u00e9veill\u00e9, en pleine conscience de lui-m\u00eame et de son entourage, fera toujours de son mieux quelque-soi son domaine d\u2019activit\u00e9, entretenant un respect et un amour toujours grandissant pour la plan\u00e8te. Tout ce qui na\u00eetras d\u2019un \u00eatre conscient sera beau et respectueux de la nature.&nbsp;<\/p>\n","protected":false},"excerpt":{"rendered":"<p>&nbsp;Mon \u00e9tique reste simple, comme la nature elle-m\u00eame. \u00c9tant un homme mi-elfe mi-nain, je r\u00e9cup\u00e8re essentiellement le bois que je trouve en for\u00eat, puis celui que l\u2019ont m\u2019offre de part les innombrables amis et connaissances de ma famille, ainsi que mon p\u00e8re qui a l\u2019opportunit\u00e9 d\u2019\u00eatre presque tous le temps &hellip; <\/p>\n","protected":false},"author":1,"featured_media":0,"parent":0,"menu_order":0,"comment_status":"closed","ping_status":"closed","template":"","meta":{"footnotes":""},"class_list":["post-132","page","type-page","status-publish","hentry"],"_links":{"self":[{"href":"https:\/\/cristal-boise.fr\/index.php\/wp-json\/wp\/v2\/pages\/132","targetHints":{"allow":["GET"]}}],"collection":[{"href":"https:\/\/cristal-boise.fr\/index.php\/wp-json\/wp\/v2\/pages"}],"about":[{"href":"https:\/\/cristal-boise.fr\/index.php\/wp-json\/wp\/v2\/types\/page"}],"author":[{"embeddable":true,"href":"https:\/\/cristal-boise.fr\/index.php\/wp-json\/wp\/v2\/users\/1"}],"replies":[{"embeddable":true,"href":"https:\/\/cristal-boise.fr\/index.php\/wp-json\/wp\/v2\/comments?post=132"}],"version-history":[{"count":1,"href":"https:\/\/cristal-boise.fr\/index.php\/wp-json\/wp\/v2\/pages\/132\/revisions"}],"predecessor-version":[{"id":133,"href":"https:\/\/cristal-boise.fr\/index.php\/wp-json\/wp\/v2\/pages\/132\/revisions\/133"}],"wp:attachment":[{"href":"https:\/\/cristal-boise.fr\/index.php\/wp-json\/wp\/v2\/media?parent=132"}],"curies":[{"name":"wp","href":"https:\/\/api.w.org\/{rel}","templated":true}]}}